{"id":1033,"date":"2025-01-15T15:58:39","date_gmt":"2025-01-15T15:58:39","guid":{"rendered":"https:\/\/marathonrun.gr\/v2web\/original\/"},"modified":"2025-02-06T12:58:49","modified_gmt":"2025-02-06T12:58:49","slug":"original","status":"publish","type":"page","link":"https:\/\/marathonrun.gr\/fr\/","title":{"rendered":"Original"},"content":{"rendered":"<div class=\"wpb-content-wrapper\"><p>[vc_row full_width=\u00a0\u00bbstretch_row_content_no_spaces\u00a0\u00bb][vc_column][vc_single_image image=\u00a0\u00bb422&Prime; img_size=\u00a0\u00bbfull\u00a0\u00bb alignment=\u00a0\u00bbcenter\u00a0\u00bb css=\u00a0\u00bb\u00a0\u00bb image_hovers=\u00a0\u00bbfalse\u00a0\u00bb][\/vc_column][\/vc_row][vc_row][vc_column][vc_column_text css=\u00a0\u00bb\u00a0\u00bb]<\/p>\n<h1><strong>Mus\u00e9e de<\/strong> la route de Marathon<\/h1>\n<p>[\/vc_column_text][vc_separator color=\u00a0\u00bbblack\u00a0\u00bb align=\u00a0\u00bbalign_left\u00a0\u00bb border_width=\u00a0\u00bb2&Prime; css=\u00a0\u00bb\u00a0\u00bb][vc_row_inner][vc_column_inner width=\u00a0\u00bb1\/2&Prime;][vc_column_text css=\u00a0\u00bb\u00a0\u00bb]Le Centre de promotion routi\u00e8re de Marathon a ouvert ses portes en <strong>2004<\/strong> et est install\u00e9 dans l&rsquo;\u00e9cole primaire historique de Marathon, un b\u00e2timent construit en 1908 gr\u00e2ce \u00e0 une donation du bienfaiteur national Andreas Syngrou. Il accueille l&rsquo;exposition permanente<strong>\u00ab\u00a0Marathons olympiques\u00a0\u00bb, une<\/strong> donation du <strong>Mus\u00e9e olympique de Lausanne<\/strong>. L&rsquo;exposition pr\u00e9sente l&rsquo;<strong>histoire du marathon<\/strong> \u00e0 travers des photographies et des textes. Depuis 2007, elle est devenue un mus\u00e9e du sport, abritant des reliques des meilleurs marathoniens.[\/vc_column_text][\/vc_column_inner][vc_column_inner width=\u00a0\u00bb1\/2&Prime;][vc_column_text css=\u00a0\u00bb\u00a0\u00bb]La collection du mus\u00e9e comprend <strong>plus de 4 000 pi\u00e8ces<\/strong> documentant l&rsquo;<strong>histoire de la route des marathons de 1896 \u00e0 nos jours<\/strong>. L&rsquo;exposition est divis\u00e9e en deux sections : la premi\u00e8re pr\u00e9sente l&rsquo;histoire des marathons olympiques, tandis que la seconde documente le mouvement mondial des marathons, avec des sections th\u00e9matiques consacr\u00e9es aux marathons du monde entier, aux champions olympiques, \u00e0 la participation des femmes et \u00e0 l&rsquo;\u00e9quipement des coureurs.[\/vc_column_text][\/vc_column_inner][\/vc_row_inner][vc_empty_space height=\u00a0\u00bb40px\u00a0\u00bb][\/vc_column][\/vc_row][vc_row content_placement=\u00a0\u00bbmiddle\u00a0\u00bb][vc_column width=\u00a0\u00bb1\/4&Prime;]<q class=\"h3-size shortcode-pullquote wf-cell align-left wf-1\"><p><em>La m\u00e9daille originale de Spyros Louis des premiers Jeux olympiques de 1896<br \/>\n<\/em><\/p>\n<\/q>[\/vc_column][vc_column width=\u00a0\u00bb1\/2&Prime;][vc_single_image image=\u00a0\u00bb196&Prime; img_size=\u00a0\u00bbfull\u00a0\u00bb alignment=\u00a0\u00bbcenter\u00a0\u00bb css=\u00a0\u00bb\u00a0\u00bb image_hovers=\u00a0\u00bbfalse\u00a0\u00bb][\/vc_column][vc_column width=\u00a0\u00bb1\/4&Prime;][\/vc_column][\/vc_row][vc_row row_title=\u00a0\u00bbSylloges\u00a0\u00bb][vc_column][vc_empty_space height=\u00a0\u00bb40px\u00a0\u00bb][vc_column_text css=\u00a0\u00bb\u00a0\u00bb]<\/p>\n<h1><strong>Collections<\/strong><\/h1>\n<p>[\/vc_column_text][vc_separator color=\u00a0\u00bbblack\u00a0\u00bb align=\u00a0\u00bbalign_left\u00a0\u00bb border_width=\u00a0\u00bb2&Prime; css=\u00a0\u00bb\u00a0\u00bb][vc_empty_space height=\u00a0\u00bb10px\u00a0\u00bb][vc_basic_grid post_type=\u00a0\u00bbpost\u00a0\u00bb max_items=\u00a0\u00bb4&Prime; element_width=\u00a0\u00bb3&Prime; item=\u00a0\u00bb139&Prime; css=\u00a0\u00bb\u00a0\u00bb grid_id=\u00a0\u00bbvc_gid:1738846552177-adebc078-9bb0-5&Prime; taxonomies=\u00a0\u00bb4&Prime;][\/vc_column][\/vc_row][vc_row row_title=\u00a0\u00bbOlympionikes\u00a0\u00bb][vc_column][vc_empty_space height=\u00a0\u00bb40px\u00a0\u00bb][vc_column_text css=\u00a0\u00bb\u00a0\u00bb]<\/p>\n<h1><strong>Olympiens<\/strong><\/h1>\n<p>[\/vc_column_text][vc_separator color=\u00a0\u00bbblack\u00a0\u00bb align=\u00a0\u00bbalign_left\u00a0\u00bb border_width=\u00a0\u00bb2&Prime; css=\u00a0\u00bb\u00a0\u00bb][vc_empty_space height=\u00a0\u00bb10px\u00a0\u00bb][vc_basic_grid post_type=\u00a0\u00bbpost\u00a0\u00bb max_items=\u00a0\u00bb8&Prime; element_width=\u00a0\u00bb3&Prime; item=\u00a0\u00bb139&Prime; css=\u00a0\u00bb\u00a0\u00bb grid_id=\u00a0\u00bbvc_gid:1738846552178-9668688d-6e38-5&Prime; taxonomies=\u00a0\u00bb23&Prime;][\/vc_column][\/vc_row][vc_row row_title=\u00a0\u00bbektheseis\u00a0\u00bb][vc_column][vc_empty_space height=\u00a0\u00bb40px\u00a0\u00bb][vc_column_text css=\u00a0\u00bb\u00a0\u00bb]<\/p>\n<h1><strong>Expositions<\/strong><\/h1>\n<p>[\/vc_column_text][vc_separator color=\u00a0\u00bbblack\u00a0\u00bb align=\u00a0\u00bbalign_left\u00a0\u00bb border_width=\u00a0\u00bb2&Prime; css=\u00a0\u00bb\u00a0\u00bb][vc_empty_space height=\u00a0\u00bb10px\u00a0\u00bb][vc_basic_grid post_type=\u00a0\u00bbpost\u00a0\u00bb max_items=\u00a0\u00bb4&Prime; element_width=\u00a0\u00bb3&Prime; order=\u00a0\u00bbASC\u00a0\u00bb item=\u00a0\u00bb139&Prime; css=\u00a0\u00bb\u00a0\u00bb grid_id=\u00a0\u00bbvc_gid:1738846552179-bbdce9bf-4486-8&Prime; taxonomies=\u00a0\u00bb21&Prime;][\/vc_column][\/vc_row][vc_row row_title=\u00a0\u00bbEducation\u00a0\u00bb][vc_column][vc_empty_space height=\u00a0\u00bb40px\u00a0\u00bb][vc_column_text css=\u00a0\u00bb\u00a0\u00bb]<\/p>\n<h1>Programmes <strong>\u00e9ducatifs <\/strong><\/h1>\n<p>[\/vc_column_text][vc_separator color=\u00a0\u00bbblack\u00a0\u00bb align=\u00a0\u00bbalign_left\u00a0\u00bb border_width=\u00a0\u00bb2&Prime; css=\u00a0\u00bb\u00a0\u00bb][vc_empty_space height=\u00a0\u00bb10px\u00a0\u00bb][vc_row_inner][vc_column_inner width=\u00a0\u00bb1\/2&Prime;][vc_column_text css=\u00a0\u00bb\u00a0\u00bb]Le Mus\u00e9e de la Route du Marathon offre une vari\u00e9t\u00e9 de programmes \u00e9ducatifs pour tous les \u00e2ges, afin de transmettre les valeurs du sport et l&rsquo;id\u00e9al olympique. Les programmes \u00e9ducatifs du mus\u00e9e comprennent une visite guid\u00e9e, l&rsquo;activit\u00e9 exp\u00e9rientielle \u00ab\u00a0Search &amp; Les programmes \u00e9ducatifs du mus\u00e9e comprennent une visite guid\u00e9e, l&rsquo;activit\u00e9 exp\u00e9rientielle \u00ab\u00a0Chercher et trouver\u00a0\u00bb, o\u00f9 les \u00e9l\u00e8ves explorent le mus\u00e9e, le programme \u00ab\u00a0Respecter la diversit\u00e9\u00a0\u00bb qui promeut la tr\u00eave olympique et aborde la question de l&rsquo;intimidation. Le mus\u00e9e propose \u00e9galement des pr\u00e9sentations des Jeux olympiques et paralympiques avec la participation de champions olympiques, des \u00e9v\u00e9nements sportifs avec des champions de Marathon et la renaissance de jeux traditionnels. Pour obtenir des informations et des rendez-vous, veuillez contacter le mus\u00e9e.[\/vc_column_text][\/vc_column_inner][vc_column_inner width=\u00a0\u00bb1\/2&Prime;][vc_single_image image=\u00a0\u00bb488&Prime; img_size=\u00a0\u00bbfull\u00a0\u00bb css=\u00a0\u00bb\u00a0\u00bb image_hovers=\u00a0\u00bbfalse\u00a0\u00bb][\/vc_column_inner][\/vc_row_inner][\/vc_column][\/vc_row]<\/p>\n<\/div>","protected":false},"excerpt":{"rendered":"<p>[vc_row full_width=\u00a0\u00bbstretch_row_content_no_spaces\u00a0\u00bb][vc_column][vc_single_image image=\u00a0\u00bb422&Prime; img_size=\u00a0\u00bbfull\u00a0\u00bb alignment=\u00a0\u00bbcenter\u00a0\u00bb css=\u00a0\u00bb\u00a0\u00bb image_hovers=\u00a0\u00bbfalse\u00a0\u00bb][\/vc_column][\/vc_row][vc_row][vc_column][vc_column_text css=\u00a0\u00bb\u00a0\u00bb] Mus\u00e9e de la route de Marathon [\/vc_column_text][vc_separator color=\u00a0\u00bbblack\u00a0\u00bb align=\u00a0\u00bbalign_left\u00a0\u00bb border_width=\u00a0\u00bb2&Prime; css=\u00a0\u00bb\u00a0\u00bb][vc_row_inner][vc_column_inner width=\u00a0\u00bb1\/2&Prime;][vc_column_text css=\u00a0\u00bb\u00a0\u00bb]Le Centre de promotion routi\u00e8re de Marathon a ouvert ses portes en 2004 et est install\u00e9 dans l&rsquo;\u00e9cole primaire historique de Marathon, un b\u00e2timent construit en 1908 gr\u00e2ce \u00e0 une donation du bienfaiteur national Andreas&hellip;<\/p>\n","protected":false},"author":1,"featured_media":1356,"parent":0,"menu_order":14,"comment_status":"closed","ping_status":"closed","template":"","meta":{"footnotes":""},"class_list":["post-1033","page","type-page","status-publish","has-post-thumbnail","hentry","description-off"],"aioseo_notices":[],"_links":{"self":[{"href":"https:\/\/marathonrun.gr\/fr\/wp-json\/wp\/v2\/pages\/1033"}],"collection":[{"href":"https:\/\/marathonrun.gr\/fr\/wp-json\/wp\/v2\/pages"}],"about":[{"href":"https:\/\/marathonrun.gr\/fr\/wp-json\/wp\/v2\/types\/page"}],"author":[{"embeddable":true,"href":"https:\/\/marathonrun.gr\/fr\/wp-json\/wp\/v2\/users\/1"}],"replies":[{"embeddable":true,"href":"https:\/\/marathonrun.gr\/fr\/wp-json\/wp\/v2\/comments?post=1033"}],"version-history":[{"count":4,"href":"https:\/\/marathonrun.gr\/fr\/wp-json\/wp\/v2\/pages\/1033\/revisions"}],"predecessor-version":[{"id":1341,"href":"https:\/\/marathonrun.gr\/fr\/wp-json\/wp\/v2\/pages\/1033\/revisions\/1341"}],"wp:featuredmedia":[{"embeddable":true,"href":"https:\/\/marathonrun.gr\/fr\/wp-json\/wp\/v2\/media\/1356"}],"wp:attachment":[{"href":"https:\/\/marathonrun.gr\/fr\/wp-json\/wp\/v2\/media?parent=1033"}],"curies":[{"name":"wp","href":"https:\/\/api.w.org\/{rel}","templated":true}]}}