{"id":1036,"date":"2025-01-17T08:32:40","date_gmt":"2025-01-17T08:32:40","guid":{"rendered":"https:\/\/marathonrun.gr\/v2web\/expositions\/"},"modified":"2025-02-05T15:56:16","modified_gmt":"2025-02-05T15:56:16","slug":"expositions","status":"publish","type":"page","link":"https:\/\/marathonrun.gr\/fr\/expositions\/","title":{"rendered":"Expositions"},"content":{"rendered":"<div class=\"wpb-content-wrapper\"><p>[vc_row][vc_column]<style type=\"text\/css\" data-type=\"the7_shortcodes-inline-css\">.blog-shortcode.blog-list-shortcode-id-b5cc6e654e3b9cf7d7ff9547fe47d989.side-overlap-layout-list .post-thumbnail-wrap {\n  width: 75%;\n}\n.blog-shortcode.blog-list-shortcode-id-b5cc6e654e3b9cf7d7ff9547fe47d989.side-overlap-layout-list .post-entry-content {\n  width: calc(100% - 75% + 150px);\n  margin-top: 50px;\n}\n.blog-shortcode.blog-list-shortcode-id-b5cc6e654e3b9cf7d7ff9547fe47d989.side-overlap-layout-list .no-img .post-entry-content {\n  width: 100%;\n  margin-top: 0;\n}\n.blog-shortcode.blog-list-shortcode-id-b5cc6e654e3b9cf7d7ff9547fe47d989.side-overlap-layout-list .project-odd .post-entry-content {\n  margin-left: -150px;\n}\n.rtl .blog-shortcode.blog-list-shortcode-id-b5cc6e654e3b9cf7d7ff9547fe47d989.side-overlap-layout-list .project-odd .post-entry-content {\n  margin-right: -150px;\n  margin-left: 0;\n}\n.blog-shortcode.blog-list-shortcode-id-b5cc6e654e3b9cf7d7ff9547fe47d989.side-overlap-layout-list .no-img.project-odd .post-entry-content {\n  margin-left: 0;\n}\n.rtl .blog-shortcode.blog-list-shortcode-id-b5cc6e654e3b9cf7d7ff9547fe47d989.side-overlap-layout-list .no-img.project-odd .post-entry-content {\n  margin-right: 0;\n  margin-left: 0;\n}\n.blog-shortcode.blog-list-shortcode-id-b5cc6e654e3b9cf7d7ff9547fe47d989.side-overlap-layout-list .project-even .post-entry-content {\n  margin-right: -150px;\n}\n.rtl .blog-shortcode.blog-list-shortcode-id-b5cc6e654e3b9cf7d7ff9547fe47d989.side-overlap-layout-list .project-even .post-entry-content {\n  margin-left: -150px;\n  margin-right: 0;\n}\n.blog-shortcode.blog-list-shortcode-id-b5cc6e654e3b9cf7d7ff9547fe47d989.side-overlap-layout-list .no-img.project-even .post-entry-content {\n  margin-right: 0;\n}\n.rtl .blog-shortcode.blog-list-shortcode-id-b5cc6e654e3b9cf7d7ff9547fe47d989.side-overlap-layout-list .no-img.project-even .post-entry-content {\n  margin-left: 0;\n  margin-right: 0;\n}\n@media screen and (max-width: 768px) {\n  #page .blog-shortcode.blog-list-shortcode-id-b5cc6e654e3b9cf7d7ff9547fe47d989.side-overlap-layout-list .project-odd .post-entry-content {\n    left: 0;\n  }\n  #page .blog-shortcode.blog-list-shortcode-id-b5cc6e654e3b9cf7d7ff9547fe47d989.side-overlap-layout-list .project-even .post-entry-content {\n    right: 0;\n  }\n}\n.blog-shortcode.blog-list-shortcode-id-b5cc6e654e3b9cf7d7ff9547fe47d989 .filter-bg-decoration .filter-categories a.act {\n  color: #fff;\n}\n.blog-shortcode.blog-list-shortcode-id-b5cc6e654e3b9cf7d7ff9547fe47d989:not(.mode-masonry) article {\n  margin-top: 50px;\n}\n.blog-shortcode.blog-list-shortcode-id-b5cc6e654e3b9cf7d7ff9547fe47d989:not(.mode-masonry) article:first-of-type,\n.blog-shortcode.blog-list-shortcode-id-b5cc6e654e3b9cf7d7ff9547fe47d989:not(.mode-masonry) article.visible.first:not(.product) {\n  margin-top: 0;\n}\n.blog-shortcode.blog-list-shortcode-id-b5cc6e654e3b9cf7d7ff9547fe47d989.dividers-on:not(.mode-masonry) article {\n  margin-top: 0;\n  padding-top: 50px;\n}\n.blog-shortcode.blog-list-shortcode-id-b5cc6e654e3b9cf7d7ff9547fe47d989.dividers-on:not(.mode-masonry) article:first-of-type,\n.blog-shortcode.blog-list-shortcode-id-b5cc6e654e3b9cf7d7ff9547fe47d989.dividers-on:not(.mode-masonry) article.visible.first:not(.product) {\n  margin-top: 0;\n  padding-top: 0;\n}\n.blog-shortcode.blog-list-shortcode-id-b5cc6e654e3b9cf7d7ff9547fe47d989 .post-thumbnail-wrap {\n  padding: 0px 0px 0px 0px;\n}\n.blog-shortcode.blog-list-shortcode-id-b5cc6e654e3b9cf7d7ff9547fe47d989.enable-bg-rollover .post-thumbnail-rollover:after {\n  background: -webkit-linear-gradient();\n  background: linear-gradient();\n}\n.blog-shortcode.blog-list-shortcode-id-b5cc6e654e3b9cf7d7ff9547fe47d989 .gallery-zoom-ico {\n  width: 44px;\n  height: 44px;\n  line-height: 44px;\n  border-radius: 100px;\n  margin: -22px 0 0 -22px;\n  border-width: 0px;\n  color: #ffffff;\n}\n.bottom-overlap-layout-list.blog-shortcode.blog-list-shortcode-id-b5cc6e654e3b9cf7d7ff9547fe47d989 .gallery-zoom-ico {\n  margin-top: -47px;\n}\n.gradient-overlay-layout-list.blog-shortcode.blog-list-shortcode-id-b5cc6e654e3b9cf7d7ff9547fe47d989 .gallery-zoom-ico,\n.content-rollover-layout-list.blog-shortcode.blog-list-shortcode-id-b5cc6e654e3b9cf7d7ff9547fe47d989 .gallery-zoom-ico {\n  margin: 0 0 10px;\n}\n.content-align-center.gradient-overlay-layout-list.blog-shortcode.blog-list-shortcode-id-b5cc6e654e3b9cf7d7ff9547fe47d989 .gallery-zoom-ico,\n.content-align-center.content-rollover-layout-list.blog-shortcode.blog-list-shortcode-id-b5cc6e654e3b9cf7d7ff9547fe47d989 .gallery-zoom-ico {\n  margin: 0 auto 10px;\n}\n.dt-icon-bg-on.blog-shortcode.blog-list-shortcode-id-b5cc6e654e3b9cf7d7ff9547fe47d989 .gallery-zoom-ico {\n  background: rgba(255,255,255,0.3);\n  box-shadow: none;\n}\n.blog-shortcode.blog-list-shortcode-id-b5cc6e654e3b9cf7d7ff9547fe47d989 .gallery-zoom-ico > span,\n.blog-shortcode.blog-list-shortcode-id-b5cc6e654e3b9cf7d7ff9547fe47d989 .gallery-zoom-ico:before {\n  font-size: 32px;\n  line-height: 44px;\n}\n.blog-shortcode.blog-list-shortcode-id-b5cc6e654e3b9cf7d7ff9547fe47d989 .gallery-zoom-ico > span,\n.blog-shortcode.blog-list-shortcode-id-b5cc6e654e3b9cf7d7ff9547fe47d989 .gallery-zoom-ico:before {\n  color: #ffffff;\n}\n.blog-shortcode.blog-list-shortcode-id-b5cc6e654e3b9cf7d7ff9547fe47d989 .fancy-date a {\n  background: #ffffff;\n  box-shadow: none;\n}\n.blog-shortcode.blog-list-shortcode-id-b5cc6e654e3b9cf7d7ff9547fe47d989 .fancy-date a * {\n  color: #2d2d2d;\n}\n.blog-shortcode.blog-list-shortcode-id-b5cc6e654e3b9cf7d7ff9547fe47d989 .entry-title,\n.blog-shortcode.blog-list-shortcode-id-b5cc6e654e3b9cf7d7ff9547fe47d989.owl-carousel .entry-title {\n  margin-bottom: 5px;\n  font-weight: bold;\n}\n.blog-shortcode.blog-list-shortcode-id-b5cc6e654e3b9cf7d7ff9547fe47d989 .entry-title a,\n.blog-shortcode.blog-list-shortcode-id-b5cc6e654e3b9cf7d7ff9547fe47d989.owl-carousel .entry-title a {\n  color: #CD7130;\n}\n.blog-shortcode.blog-list-shortcode-id-b5cc6e654e3b9cf7d7ff9547fe47d989 .entry-meta {\n  margin-bottom: 15px;\n}\n.blog-shortcode.blog-list-shortcode-id-b5cc6e654e3b9cf7d7ff9547fe47d989 .portfolio-categories {\n  margin-bottom: 15px;\n}\n.blog-shortcode.blog-list-shortcode-id-b5cc6e654e3b9cf7d7ff9547fe47d989 .entry-excerpt {\n  margin-bottom: 5px;\n}\n.blog-shortcode.blog-list-shortcode-id-b5cc6e654e3b9cf7d7ff9547fe47d989:not(.centered-layout-list) .post-entry-content {\n  padding: 25px 30px 30px 30px;\n}\n.blog-shortcode.blog-list-shortcode-id-b5cc6e654e3b9cf7d7ff9547fe47d989:not(.centered-layout-list):not(.content-bg-on):not(.mode-list) .no-img .post-entry-content {\n  padding: 0;\n}\n.blog-shortcode.blog-list-shortcode-id-b5cc6e654e3b9cf7d7ff9547fe47d989.content-bg-on:not(.classic-layout-list):not(.centered-layout-list) .post-entry-content {\n  background: #FFFFFF;\n  box-shadow: none;\n}\n.blog-shortcode.blog-list-shortcode-id-b5cc6e654e3b9cf7d7ff9547fe47d989 .post-details.details-type-link,\n.blog-shortcode.blog-list-shortcode-id-b5cc6e654e3b9cf7d7ff9547fe47d989 .post-details.details-type-link * {\n  color: #CD7130;\n}\n@media screen and (max-width: 768px) {\n  .blog-shortcode.blog-list-shortcode-id-b5cc6e654e3b9cf7d7ff9547fe47d989 article {\n    -ms-flex-flow: column nowrap;\n    flex-flow: column nowrap;\n    margin-top: 20px;\n  }\n  .blog-shortcode.blog-list-shortcode-id-b5cc6e654e3b9cf7d7ff9547fe47d989.dividers-on article {\n    border: none;\n  }\n  .blog-shortcode.blog-list-shortcode-id-b5cc6e654e3b9cf7d7ff9547fe47d989.content-bg-on.centered-layout-list article {\n    padding: 0;\n  }\n  .blog-shortcode.blog-list-shortcode-id-b5cc6e654e3b9cf7d7ff9547fe47d989.blog-shortcode.dividers-on article,\n  .blog-shortcode.blog-list-shortcode-id-b5cc6e654e3b9cf7d7ff9547fe47d989.dividers-on.classic-layout-list article {\n    margin-top: 20px;\n    padding: 0;\n  }\n  .blog-shortcode.blog-list-shortcode-id-b5cc6e654e3b9cf7d7ff9547fe47d989.blog-shortcode.dividers-on article:first-of-type,\n  .blog-shortcode.blog-list-shortcode-id-b5cc6e654e3b9cf7d7ff9547fe47d989.dividers-on.classic-layout-list article:first-of-type {\n    padding: 0;\n  }\n  #page .blog-shortcode.blog-list-shortcode-id-b5cc6e654e3b9cf7d7ff9547fe47d989 .post-thumbnail-wrap,\n  #page .blog-shortcode.blog-list-shortcode-id-b5cc6e654e3b9cf7d7ff9547fe47d989 .post-entry-content {\n    width: 100%;\n    margin: 0;\n    top: 0;\n  }\n  #page .blog-shortcode.blog-list-shortcode-id-b5cc6e654e3b9cf7d7ff9547fe47d989 .post-thumbnail-wrap {\n    padding: 0;\n  }\n  #page .blog-shortcode.blog-list-shortcode-id-b5cc6e654e3b9cf7d7ff9547fe47d989 .post-entry-content:after {\n    display: none;\n  }\n  #page .blog-shortcode.blog-list-shortcode-id-b5cc6e654e3b9cf7d7ff9547fe47d989 .project-even .post-thumbnail-wrap,\n  #page .blog-shortcode.blog-list-shortcode-id-b5cc6e654e3b9cf7d7ff9547fe47d989.centered-layout-list .post-thumbnail-wrap {\n    -ms-flex-order: 0;\n    order: 0;\n  }\n  #page .blog-shortcode.blog-list-shortcode-id-b5cc6e654e3b9cf7d7ff9547fe47d989.centered-layout-list .post-entry-title-content {\n    -ms-flex-order: 1;\n    order: 1;\n    width: 100%;\n    padding: 20px 20px 0;\n  }\n  #page .blog-shortcode.blog-list-shortcode-id-b5cc6e654e3b9cf7d7ff9547fe47d989.centered-layout-list .post-entry-content {\n    -ms-flex-order: 2;\n    order: 2;\n    padding-top: 0;\n  }\n  #page .blog-shortcode.blog-list-shortcode-id-b5cc6e654e3b9cf7d7ff9547fe47d989 .fancy-categories {\n    top: 10px;\n    left: 10px;\n    bottom: auto;\n    right: auto;\n  }\n  #page .blog-shortcode.blog-list-shortcode-id-b5cc6e654e3b9cf7d7ff9547fe47d989 .fancy-date a {\n    top: 10px;\n    right: 10px;\n    left: auto;\n    bottom: auto;\n  }\n  #page .blog-shortcode.blog-list-shortcode-id-b5cc6e654e3b9cf7d7ff9547fe47d989 .post-entry-content {\n    padding: 20px;\n  }\n  #page .blog-shortcode.blog-list-shortcode-id-b5cc6e654e3b9cf7d7ff9547fe47d989 .entry-title {\n    margin: 3px 0 5px;\n    font-size: 20px;\n    line-height: 26px;\n  }\n  #page .blog-shortcode.blog-list-shortcode-id-b5cc6e654e3b9cf7d7ff9547fe47d989 .entry-meta {\n    margin: 5px 0 5px;\n  }\n  #page .blog-shortcode.blog-list-shortcode-id-b5cc6e654e3b9cf7d7ff9547fe47d989 .entry-excerpt {\n    margin: 15px 0 0;\n  }\n  #page .blog-shortcode.blog-list-shortcode-id-b5cc6e654e3b9cf7d7ff9547fe47d989 .post-details {\n    margin: 5px 0 10px;\n  }\n  #page .blog-shortcode.blog-list-shortcode-id-b5cc6e654e3b9cf7d7ff9547fe47d989 .post-details.details-type-link {\n    margin-bottom: 2px;\n  }\n}\n<\/style><div class=\"articles-list blog-shortcode mode-list blog-list-shortcode-id-b5cc6e654e3b9cf7d7ff9547fe47d989 side-overlap-layout-list content-bg-on jquery-filter scale-img dt-icon-bg-off loading-effect-fade-in\" data-cur-page=\"1\" data-post-limit=\"-1\" data-pagination-mode=\"none\"><article class=\"post project-odd visible post-1007 type-post status-publish format-standard has-post-thumbnail hentry category-expositions category-25 description-off\" data-name=\"Torches Olympiques\" data-date=\"2025-02-04T16:28:12+00:00\">\n\n<div class=\"post-thumbnail-wrap\">\n\t<div class=\"post-thumbnail\">\n\n\t\t\n\t\t\n\t\t<a href=\"https:\/\/marathonrun.gr\/fr\/torches-olympiques\/\" class=\"post-thumbnail-rollover layzr-bg layzr-bg\" ><img fetchpriority=\"high\" decoding=\"async\" class=\"blog-thumb-lazy-load preload-me lazy-load aspect\" src=\"data:image\/svg+xml,%3Csvg%20xmlns%3D&#39;http%3A%2F%2Fwww.w3.org%2F2000%2Fsvg&#39;%20viewBox%3D&#39;0%200%20768%20512&#39;%2F%3E\" data-src=\"https:\/\/marathonrun.gr\/wp-content\/uploads\/2025\/02\/2004_Athens-768x512.jpg\" data-srcset=\"https:\/\/marathonrun.gr\/wp-content\/uploads\/2025\/02\/2004_Athens-768x512.jpg 768w, https:\/\/marathonrun.gr\/wp-content\/uploads\/2025\/02\/2004_Athens-1000x666.jpg 1000w\" loading=\"eager\" style=\"--ratio: 768 \/ 512\" sizes=\"(max-width: 768px) 100vw, 768px\" alt=\"\" title=\"2004_Athens\" width=\"768\" height=\"512\"  \/><span class=\"gallery-zoom-ico icomoon-the7-font-the7-expand-06\"><span><\/span><\/span><\/a>\n\t<\/div>\n<\/div>\n\n\n<div class=\"post-entry-content\">\n\n\t<h3 class=\"entry-title\">\n\t\t<a href=\"https:\/\/marathonrun.gr\/fr\/torches-olympiques\/\" title=\"Torches Olympiques\" rel=\"bookmark\">Torches Olympiques<\/a>\n\t<\/h3>\n\n\t\n\t<div class=\"entry-excerpt\"><p>[vc_row][vc_column][vc_column_text css=\u00a0\u00bb\u00a0\u00bb]Le mus\u00e9e de la course de Marathon vise \u00e0 inspirer les gens avec les valeurs et les id\u00e9aux de l\u2019esprit Olympique et pr\u00e9sente au public le symbole le plus caract\u00e9ristique du sport: les torches olympiques! Le symbole olympique le plus connu qui porte le message de la paix dans le monde entier ![\/vc_column_text][vc_column_text css=\u00a0\u00bb\u00a0\u00bb]Les&hellip;<\/p>\n<\/div>\n\t\n<a href=\"https:\/\/marathonrun.gr\/fr\/torches-olympiques\/\" class=\"post-details details-type-link\" aria-label=\"En savoir plus sur Torches Olympiques\">\u0394\u03b5\u03af\u03c4\u03b5 \u03c0\u03b5\u03c1\u03b9\u03c3\u03c3\u03cc\u03c4\u03b5\u03c1\u03b1<i class=\"dt-icon-the7-arrow-03\" aria-hidden=\"true\"><\/i><\/a>\n\n<\/div><\/article><article class=\"post project-even visible post-1174 type-post status-publish format-standard has-post-thumbnail hentry category-expositions category-25 description-off\" data-name=\"Affiches olympiques\" data-date=\"2025-02-04T15:58:36+00:00\">\n\n<div class=\"post-thumbnail-wrap\">\n\t<div class=\"post-thumbnail\">\n\n\t\t\n\t\t\n\t\t<a href=\"https:\/\/marathonrun.gr\/fr\/affiches-olympiques\/\" class=\"post-thumbnail-rollover layzr-bg layzr-bg\" ><img decoding=\"async\" class=\"blog-thumb-lazy-load preload-me lazy-load aspect\" src=\"data:image\/svg+xml,%3Csvg%20xmlns%3D&#39;http%3A%2F%2Fwww.w3.org%2F2000%2Fsvg&#39;%20viewBox%3D&#39;0%200%20768%20512&#39;%2F%3E\" data-src=\"https:\/\/marathonrun.gr\/wp-content\/uploads\/2025\/02\/olympic-posters-768x512.jpg\" data-srcset=\"https:\/\/marathonrun.gr\/wp-content\/uploads\/2025\/02\/olympic-posters-768x512.jpg 768w, https:\/\/marathonrun.gr\/wp-content\/uploads\/2025\/02\/olympic-posters-1000x666.jpg 1000w\" loading=\"eager\" style=\"--ratio: 768 \/ 512\" sizes=\"(max-width: 768px) 100vw, 768px\" alt=\"\" title=\"olympic-posters\" width=\"768\" height=\"512\"  \/><span class=\"gallery-zoom-ico icomoon-the7-font-the7-expand-06\"><span><\/span><\/span><\/a>\n\t<\/div>\n<\/div>\n\n\n<div class=\"post-entry-content\">\n\n\t<h3 class=\"entry-title\">\n\t\t<a href=\"https:\/\/marathonrun.gr\/fr\/affiches-olympiques\/\" title=\"Affiches olympiques\" rel=\"bookmark\">Affiches olympiques<\/a>\n\t<\/h3>\n\n\t\n\t<div class=\"entry-excerpt\"><p>[vc_row][vc_column][vc_column_text css=\u00a0\u00bb\u00a0\u00bb]Un voyage olympique\u2026 l\u2019esprit des Jeux Olympiques \u00e0 travers les affiches du plus grand \u00e9v\u00e9nement sportif mondial.[\/vc_column_text][\/vc_column][\/vc_row]<\/p>\n<\/div>\n\t\n<a href=\"https:\/\/marathonrun.gr\/fr\/affiches-olympiques\/\" class=\"post-details details-type-link\" aria-label=\"En savoir plus sur Affiches olympiques\">\u0394\u03b5\u03af\u03c4\u03b5 \u03c0\u03b5\u03c1\u03b9\u03c3\u03c3\u03cc\u03c4\u03b5\u03c1\u03b1<i class=\"dt-icon-the7-arrow-03\" aria-hidden=\"true\"><\/i><\/a>\n\n<\/div><\/article><article class=\"post project-odd visible post-1185 type-post status-publish format-standard has-post-thumbnail hentry category-expositions category-25 description-off\" data-name=\"Exposition de photos du marathon olympique\" data-date=\"2025-02-04T09:18:41+00:00\">\n\n<div class=\"post-thumbnail-wrap\">\n\t<div class=\"post-thumbnail\">\n\n\t\t\n\t\t\n\t\t<a href=\"https:\/\/marathonrun.gr\/fr\/exposition-de-photos-du-marathon-olympique\/\" class=\"post-thumbnail-rollover layzr-bg layzr-bg\" ><img decoding=\"async\" class=\"blog-thumb-lazy-load preload-me lazy-load aspect\" src=\"data:image\/svg+xml,%3Csvg%20xmlns%3D&#39;http%3A%2F%2Fwww.w3.org%2F2000%2Fsvg&#39;%20viewBox%3D&#39;0%200%20768%20512&#39;%2F%3E\" data-src=\"https:\/\/marathonrun.gr\/wp-content\/uploads\/2025\/02\/1896-Athenes-768x512.jpg\" data-srcset=\"https:\/\/marathonrun.gr\/wp-content\/uploads\/2025\/02\/1896-Athenes-768x512.jpg 768w, https:\/\/marathonrun.gr\/wp-content\/uploads\/2025\/02\/1896-Athenes.jpg 1100w\" loading=\"eager\" style=\"--ratio: 768 \/ 512\" sizes=\"(max-width: 768px) 100vw, 768px\" alt=\"\" title=\"1896 Athenes\" width=\"768\" height=\"512\"  \/><span class=\"gallery-zoom-ico icomoon-the7-font-the7-expand-06\"><span><\/span><\/span><\/a>\n\t<\/div>\n<\/div>\n\n\n<div class=\"post-entry-content\">\n\n\t<h3 class=\"entry-title\">\n\t\t<a href=\"https:\/\/marathonrun.gr\/fr\/exposition-de-photos-du-marathon-olympique\/\" title=\"Exposition de photos du marathon olympique\" rel=\"bookmark\">Exposition de photos du marathon olympique<\/a>\n\t<\/h3>\n\n\t\n\t<div class=\"entry-excerpt\"><p>[vc_row][vc_column][vc_column_text css=\u00a0\u00bb\u00a0\u00bb] Depuis 2004, le mus\u00e9e abrite une exposition permanente de photographies des marathons olympiques. L&rsquo;exposition est offerte par le Mus\u00e9e Olympique de Lausanne \u00e0 la municipalit\u00e9 de Marathon. [\/vc_column_text][\/vc_column][\/vc_row]<\/p>\n<\/div>\n\t\n<a href=\"https:\/\/marathonrun.gr\/fr\/exposition-de-photos-du-marathon-olympique\/\" class=\"post-details details-type-link\" aria-label=\"En savoir plus sur Exposition de photos du marathon olympique\">\u0394\u03b5\u03af\u03c4\u03b5 \u03c0\u03b5\u03c1\u03b9\u03c3\u03c3\u03cc\u03c4\u03b5\u03c1\u03b1<i class=\"dt-icon-the7-arrow-03\" aria-hidden=\"true\"><\/i><\/a>\n\n<\/div><\/article><article class=\"post project-even visible post-1192 type-post status-publish format-standard has-post-thumbnail hentry category-expositions category-25 description-off\" data-name=\"Exposition internationale sur les marathons\" data-date=\"2025-01-24T15:13:17+00:00\">\n\n<div class=\"post-thumbnail-wrap\">\n\t<div class=\"post-thumbnail\">\n\n\t\t\n\t\t\n\t\t<a href=\"https:\/\/marathonrun.gr\/fr\/exposition-internationale-sur-les-marathons\/\" class=\"post-thumbnail-rollover layzr-bg layzr-bg\" ><img decoding=\"async\" class=\"blog-thumb-lazy-load preload-me lazy-load aspect\" src=\"data:image\/svg+xml,%3Csvg%20xmlns%3D&#39;http%3A%2F%2Fwww.w3.org%2F2000%2Fsvg&#39;%20viewBox%3D&#39;0%200%20768%20512&#39;%2F%3E\" data-src=\"https:\/\/marathonrun.gr\/wp-content\/uploads\/2025\/01\/DSCN3512-1024x768-1-768x512.jpg\" data-srcset=\"https:\/\/marathonrun.gr\/wp-content\/uploads\/2025\/01\/DSCN3512-1024x768-1-768x512.jpg 768w, https:\/\/marathonrun.gr\/wp-content\/uploads\/2025\/01\/DSCN3512-1024x768-1-1024x682.jpg 1024w\" loading=\"eager\" style=\"--ratio: 768 \/ 512\" sizes=\"(max-width: 768px) 100vw, 768px\" alt=\"\" title=\"DSCN3512-1024&#215;768\" width=\"768\" height=\"512\"  \/><span class=\"gallery-zoom-ico icomoon-the7-font-the7-expand-06\"><span><\/span><\/span><\/a>\n\t<\/div>\n<\/div>\n\n\n<div class=\"post-entry-content\">\n\n\t<h3 class=\"entry-title\">\n\t\t<a href=\"https:\/\/marathonrun.gr\/fr\/exposition-internationale-sur-les-marathons\/\" title=\"Exposition internationale sur les marathons\" rel=\"bookmark\">Exposition internationale sur les marathons<\/a>\n\t<\/h3>\n\n\t\n\t<div class=\"entry-excerpt\"><p>Une collection sportive unique (m\u00e9dailles et mat\u00e9riel sportif) de marathons internationaux.Aujourd&rsquo;hui, plus de 800 marathons sont organis\u00e9s chaque ann\u00e9e dans le monde entier, la grande majorit\u00e9 d&rsquo;entre eux \u00e9tant le fait de coureurs amateurs qui courent pour acqu\u00e9rir de l&rsquo;exp\u00e9rience ou pour des \u0153uvres de bienfaisance. Les plus grands marathons peuvent compter des dizaines de&hellip;<\/p>\n<\/div>\n\t\n<a href=\"https:\/\/marathonrun.gr\/fr\/exposition-internationale-sur-les-marathons\/\" class=\"post-details details-type-link\" aria-label=\"En savoir plus sur Exposition internationale sur les marathons\">\u0394\u03b5\u03af\u03c4\u03b5 \u03c0\u03b5\u03c1\u03b9\u03c3\u03c3\u03cc\u03c4\u03b5\u03c1\u03b1<i class=\"dt-icon-the7-arrow-03\" aria-hidden=\"true\"><\/i><\/a>\n\n<\/div><\/article><\/div>[\/vc_column][\/vc_row]<\/p>\n<\/div>","protected":false},"excerpt":{"rendered":"<p>[vc_row][vc_column][\/vc_column][\/vc_row]<\/p>\n","protected":false},"author":1,"featured_media":1356,"parent":0,"menu_order":18,"comment_status":"closed","ping_status":"closed","template":"","meta":{"footnotes":""},"class_list":["post-1036","page","type-page","status-publish","has-post-thumbnail","hentry","description-off"],"aioseo_notices":[],"_links":{"self":[{"href":"https:\/\/marathonrun.gr\/fr\/wp-json\/wp\/v2\/pages\/1036"}],"collection":[{"href":"https:\/\/marathonrun.gr\/fr\/wp-json\/wp\/v2\/pages"}],"about":[{"href":"https:\/\/marathonrun.gr\/fr\/wp-json\/wp\/v2\/types\/page"}],"author":[{"embeddable":true,"href":"https:\/\/marathonrun.gr\/fr\/wp-json\/wp\/v2\/users\/1"}],"replies":[{"embeddable":true,"href":"https:\/\/marathonrun.gr\/fr\/wp-json\/wp\/v2\/comments?post=1036"}],"version-history":[{"count":1,"href":"https:\/\/marathonrun.gr\/fr\/wp-json\/wp\/v2\/pages\/1036\/revisions"}],"predecessor-version":[{"id":1037,"href":"https:\/\/marathonrun.gr\/fr\/wp-json\/wp\/v2\/pages\/1036\/revisions\/1037"}],"wp:featuredmedia":[{"embeddable":true,"href":"https:\/\/marathonrun.gr\/fr\/wp-json\/wp\/v2\/media\/1356"}],"wp:attachment":[{"href":"https:\/\/marathonrun.gr\/fr\/wp-json\/wp\/v2\/media?parent=1036"}],"curies":[{"name":"wp","href":"https:\/\/api.w.org\/{rel}","templated":true}]}}