{"id":1038,"date":"2025-01-17T07:48:11","date_gmt":"2025-01-17T07:48:11","guid":{"rendered":"https:\/\/marathonrun.gr\/v2web\/collections\/"},"modified":"2025-02-05T15:56:37","modified_gmt":"2025-02-05T15:56:37","slug":"collections","status":"publish","type":"page","link":"https:\/\/marathonrun.gr\/fr\/collections\/","title":{"rendered":"Collections"},"content":{"rendered":"<div class=\"wpb-content-wrapper\"><p>[vc_row][vc_column]<style type=\"text\/css\" data-type=\"the7_shortcodes-inline-css\">.blog-shortcode.blog-list-shortcode-id-100128a38af86253df8eca6379c5a9fc.side-overlap-layout-list .post-thumbnail-wrap {\n  width: 75%;\n}\n.blog-shortcode.blog-list-shortcode-id-100128a38af86253df8eca6379c5a9fc.side-overlap-layout-list .post-entry-content {\n  width: calc(100% - 75% + 150px);\n  margin-top: 50px;\n}\n.blog-shortcode.blog-list-shortcode-id-100128a38af86253df8eca6379c5a9fc.side-overlap-layout-list .no-img .post-entry-content {\n  width: 100%;\n  margin-top: 0;\n}\n.blog-shortcode.blog-list-shortcode-id-100128a38af86253df8eca6379c5a9fc.side-overlap-layout-list .project-odd .post-entry-content {\n  margin-left: -150px;\n}\n.rtl .blog-shortcode.blog-list-shortcode-id-100128a38af86253df8eca6379c5a9fc.side-overlap-layout-list .project-odd .post-entry-content {\n  margin-right: -150px;\n  margin-left: 0;\n}\n.blog-shortcode.blog-list-shortcode-id-100128a38af86253df8eca6379c5a9fc.side-overlap-layout-list .no-img.project-odd .post-entry-content {\n  margin-left: 0;\n}\n.rtl .blog-shortcode.blog-list-shortcode-id-100128a38af86253df8eca6379c5a9fc.side-overlap-layout-list .no-img.project-odd .post-entry-content {\n  margin-right: 0;\n  margin-left: 0;\n}\n.blog-shortcode.blog-list-shortcode-id-100128a38af86253df8eca6379c5a9fc.side-overlap-layout-list .project-even .post-entry-content {\n  margin-right: -150px;\n}\n.rtl .blog-shortcode.blog-list-shortcode-id-100128a38af86253df8eca6379c5a9fc.side-overlap-layout-list .project-even .post-entry-content {\n  margin-left: -150px;\n  margin-right: 0;\n}\n.blog-shortcode.blog-list-shortcode-id-100128a38af86253df8eca6379c5a9fc.side-overlap-layout-list .no-img.project-even .post-entry-content {\n  margin-right: 0;\n}\n.rtl .blog-shortcode.blog-list-shortcode-id-100128a38af86253df8eca6379c5a9fc.side-overlap-layout-list .no-img.project-even .post-entry-content {\n  margin-left: 0;\n  margin-right: 0;\n}\n@media screen and (max-width: 768px) {\n  #page .blog-shortcode.blog-list-shortcode-id-100128a38af86253df8eca6379c5a9fc.side-overlap-layout-list .project-odd .post-entry-content {\n    left: 0;\n  }\n  #page .blog-shortcode.blog-list-shortcode-id-100128a38af86253df8eca6379c5a9fc.side-overlap-layout-list .project-even .post-entry-content {\n    right: 0;\n  }\n}\n.blog-shortcode.blog-list-shortcode-id-100128a38af86253df8eca6379c5a9fc .filter-bg-decoration .filter-categories a.act {\n  color: #fff;\n}\n.blog-shortcode.blog-list-shortcode-id-100128a38af86253df8eca6379c5a9fc:not(.mode-masonry) article {\n  margin-top: 50px;\n}\n.blog-shortcode.blog-list-shortcode-id-100128a38af86253df8eca6379c5a9fc:not(.mode-masonry) article:first-of-type,\n.blog-shortcode.blog-list-shortcode-id-100128a38af86253df8eca6379c5a9fc:not(.mode-masonry) article.visible.first:not(.product) {\n  margin-top: 0;\n}\n.blog-shortcode.blog-list-shortcode-id-100128a38af86253df8eca6379c5a9fc.dividers-on:not(.mode-masonry) article {\n  margin-top: 0;\n  padding-top: 50px;\n}\n.blog-shortcode.blog-list-shortcode-id-100128a38af86253df8eca6379c5a9fc.dividers-on:not(.mode-masonry) article:first-of-type,\n.blog-shortcode.blog-list-shortcode-id-100128a38af86253df8eca6379c5a9fc.dividers-on:not(.mode-masonry) article.visible.first:not(.product) {\n  margin-top: 0;\n  padding-top: 0;\n}\n.blog-shortcode.blog-list-shortcode-id-100128a38af86253df8eca6379c5a9fc .post-thumbnail-wrap {\n  padding: 0px 0px 0px 0px;\n}\n.blog-shortcode.blog-list-shortcode-id-100128a38af86253df8eca6379c5a9fc.enable-bg-rollover .post-thumbnail-rollover:after {\n  background: -webkit-linear-gradient();\n  background: linear-gradient();\n}\n.blog-shortcode.blog-list-shortcode-id-100128a38af86253df8eca6379c5a9fc .gallery-zoom-ico {\n  width: 44px;\n  height: 44px;\n  line-height: 44px;\n  border-radius: 100px;\n  margin: -22px 0 0 -22px;\n  border-width: 0px;\n  color: #ffffff;\n}\n.bottom-overlap-layout-list.blog-shortcode.blog-list-shortcode-id-100128a38af86253df8eca6379c5a9fc .gallery-zoom-ico {\n  margin-top: -47px;\n}\n.gradient-overlay-layout-list.blog-shortcode.blog-list-shortcode-id-100128a38af86253df8eca6379c5a9fc .gallery-zoom-ico,\n.content-rollover-layout-list.blog-shortcode.blog-list-shortcode-id-100128a38af86253df8eca6379c5a9fc .gallery-zoom-ico {\n  margin: 0 0 10px;\n}\n.content-align-center.gradient-overlay-layout-list.blog-shortcode.blog-list-shortcode-id-100128a38af86253df8eca6379c5a9fc .gallery-zoom-ico,\n.content-align-center.content-rollover-layout-list.blog-shortcode.blog-list-shortcode-id-100128a38af86253df8eca6379c5a9fc .gallery-zoom-ico {\n  margin: 0 auto 10px;\n}\n.dt-icon-bg-on.blog-shortcode.blog-list-shortcode-id-100128a38af86253df8eca6379c5a9fc .gallery-zoom-ico {\n  background: rgba(255,255,255,0.3);\n  box-shadow: none;\n}\n.blog-shortcode.blog-list-shortcode-id-100128a38af86253df8eca6379c5a9fc .gallery-zoom-ico > span,\n.blog-shortcode.blog-list-shortcode-id-100128a38af86253df8eca6379c5a9fc .gallery-zoom-ico:before {\n  font-size: 32px;\n  line-height: 44px;\n}\n.blog-shortcode.blog-list-shortcode-id-100128a38af86253df8eca6379c5a9fc .gallery-zoom-ico > span,\n.blog-shortcode.blog-list-shortcode-id-100128a38af86253df8eca6379c5a9fc .gallery-zoom-ico:before {\n  color: #ffffff;\n}\n.blog-shortcode.blog-list-shortcode-id-100128a38af86253df8eca6379c5a9fc .fancy-date a {\n  background: #ffffff;\n  box-shadow: none;\n}\n.blog-shortcode.blog-list-shortcode-id-100128a38af86253df8eca6379c5a9fc .fancy-date a * {\n  color: #2d2d2d;\n}\n.blog-shortcode.blog-list-shortcode-id-100128a38af86253df8eca6379c5a9fc .entry-title,\n.blog-shortcode.blog-list-shortcode-id-100128a38af86253df8eca6379c5a9fc.owl-carousel .entry-title {\n  margin-bottom: 5px;\n  font-weight: bold;\n}\n.blog-shortcode.blog-list-shortcode-id-100128a38af86253df8eca6379c5a9fc .entry-title a,\n.blog-shortcode.blog-list-shortcode-id-100128a38af86253df8eca6379c5a9fc.owl-carousel .entry-title a {\n  color: #C94559;\n}\n.blog-shortcode.blog-list-shortcode-id-100128a38af86253df8eca6379c5a9fc .entry-meta {\n  margin-bottom: 15px;\n}\n.blog-shortcode.blog-list-shortcode-id-100128a38af86253df8eca6379c5a9fc .portfolio-categories {\n  margin-bottom: 15px;\n}\n.blog-shortcode.blog-list-shortcode-id-100128a38af86253df8eca6379c5a9fc .entry-excerpt {\n  margin-bottom: 5px;\n}\n.blog-shortcode.blog-list-shortcode-id-100128a38af86253df8eca6379c5a9fc:not(.centered-layout-list) .post-entry-content {\n  padding: 25px 30px 30px 30px;\n}\n.blog-shortcode.blog-list-shortcode-id-100128a38af86253df8eca6379c5a9fc:not(.centered-layout-list):not(.content-bg-on):not(.mode-list) .no-img .post-entry-content {\n  padding: 0;\n}\n.blog-shortcode.blog-list-shortcode-id-100128a38af86253df8eca6379c5a9fc.content-bg-on:not(.classic-layout-list):not(.centered-layout-list) .post-entry-content {\n  background: #FFFFFF;\n  box-shadow: none;\n}\n.blog-shortcode.blog-list-shortcode-id-100128a38af86253df8eca6379c5a9fc .post-details.details-type-link,\n.blog-shortcode.blog-list-shortcode-id-100128a38af86253df8eca6379c5a9fc .post-details.details-type-link * {\n  color: #C94559;\n}\n@media screen and (max-width: 768px) {\n  .blog-shortcode.blog-list-shortcode-id-100128a38af86253df8eca6379c5a9fc article {\n    -ms-flex-flow: column nowrap;\n    flex-flow: column nowrap;\n    margin-top: 20px;\n  }\n  .blog-shortcode.blog-list-shortcode-id-100128a38af86253df8eca6379c5a9fc.dividers-on article {\n    border: none;\n  }\n  .blog-shortcode.blog-list-shortcode-id-100128a38af86253df8eca6379c5a9fc.content-bg-on.centered-layout-list article {\n    padding: 0;\n  }\n  .blog-shortcode.blog-list-shortcode-id-100128a38af86253df8eca6379c5a9fc.blog-shortcode.dividers-on article,\n  .blog-shortcode.blog-list-shortcode-id-100128a38af86253df8eca6379c5a9fc.dividers-on.classic-layout-list article {\n    margin-top: 20px;\n    padding: 0;\n  }\n  .blog-shortcode.blog-list-shortcode-id-100128a38af86253df8eca6379c5a9fc.blog-shortcode.dividers-on article:first-of-type,\n  .blog-shortcode.blog-list-shortcode-id-100128a38af86253df8eca6379c5a9fc.dividers-on.classic-layout-list article:first-of-type {\n    padding: 0;\n  }\n  #page .blog-shortcode.blog-list-shortcode-id-100128a38af86253df8eca6379c5a9fc .post-thumbnail-wrap,\n  #page .blog-shortcode.blog-list-shortcode-id-100128a38af86253df8eca6379c5a9fc .post-entry-content {\n    width: 100%;\n    margin: 0;\n    top: 0;\n  }\n  #page .blog-shortcode.blog-list-shortcode-id-100128a38af86253df8eca6379c5a9fc .post-thumbnail-wrap {\n    padding: 0;\n  }\n  #page .blog-shortcode.blog-list-shortcode-id-100128a38af86253df8eca6379c5a9fc .post-entry-content:after {\n    display: none;\n  }\n  #page .blog-shortcode.blog-list-shortcode-id-100128a38af86253df8eca6379c5a9fc .project-even .post-thumbnail-wrap,\n  #page .blog-shortcode.blog-list-shortcode-id-100128a38af86253df8eca6379c5a9fc.centered-layout-list .post-thumbnail-wrap {\n    -ms-flex-order: 0;\n    order: 0;\n  }\n  #page .blog-shortcode.blog-list-shortcode-id-100128a38af86253df8eca6379c5a9fc.centered-layout-list .post-entry-title-content {\n    -ms-flex-order: 1;\n    order: 1;\n    width: 100%;\n    padding: 20px 20px 0;\n  }\n  #page .blog-shortcode.blog-list-shortcode-id-100128a38af86253df8eca6379c5a9fc.centered-layout-list .post-entry-content {\n    -ms-flex-order: 2;\n    order: 2;\n    padding-top: 0;\n  }\n  #page .blog-shortcode.blog-list-shortcode-id-100128a38af86253df8eca6379c5a9fc .fancy-categories {\n    top: 10px;\n    left: 10px;\n    bottom: auto;\n    right: auto;\n  }\n  #page .blog-shortcode.blog-list-shortcode-id-100128a38af86253df8eca6379c5a9fc .fancy-date a {\n    top: 10px;\n    right: 10px;\n    left: auto;\n    bottom: auto;\n  }\n  #page .blog-shortcode.blog-list-shortcode-id-100128a38af86253df8eca6379c5a9fc .post-entry-content {\n    padding: 20px;\n  }\n  #page .blog-shortcode.blog-list-shortcode-id-100128a38af86253df8eca6379c5a9fc .entry-title {\n    margin: 3px 0 5px;\n    font-size: 20px;\n    line-height: 26px;\n  }\n  #page .blog-shortcode.blog-list-shortcode-id-100128a38af86253df8eca6379c5a9fc .entry-meta {\n    margin: 5px 0 5px;\n  }\n  #page .blog-shortcode.blog-list-shortcode-id-100128a38af86253df8eca6379c5a9fc .entry-excerpt {\n    margin: 15px 0 0;\n  }\n  #page .blog-shortcode.blog-list-shortcode-id-100128a38af86253df8eca6379c5a9fc .post-details {\n    margin: 5px 0 10px;\n  }\n  #page .blog-shortcode.blog-list-shortcode-id-100128a38af86253df8eca6379c5a9fc .post-details.details-type-link {\n    margin-bottom: 2px;\n  }\n}\n<\/style><div class=\"articles-list blog-shortcode mode-list blog-list-shortcode-id-100128a38af86253df8eca6379c5a9fc side-overlap-layout-list content-bg-on jquery-filter scale-img dt-icon-bg-off loading-effect-fade-in\" data-cur-page=\"1\" data-post-limit=\"-1\" data-pagination-mode=\"none\"><article class=\"post project-odd visible post-1214 type-post status-publish format-standard has-post-thumbnail hentry category-collections-fr category-20 description-off\" data-name=\"Collection de Spyros Louis \u2013 Premier Champion olympique grec\" data-date=\"2025-01-15T17:23:26+00:00\">\n\n<div class=\"post-thumbnail-wrap\">\n\t<div class=\"post-thumbnail\">\n\n\t\t\n\t\t\n\t\t<a href=\"https:\/\/marathonrun.gr\/fr\/collection-de-spyros-louis-premier-champion-olympique-grec\/\" class=\"post-thumbnail-rollover layzr-bg layzr-bg\" ><img fetchpriority=\"high\" decoding=\"async\" class=\"blog-thumb-lazy-load preload-me lazy-load aspect\" src=\"data:image\/svg+xml,%3Csvg%20xmlns%3D&#39;http%3A%2F%2Fwww.w3.org%2F2000%2Fsvg&#39;%20viewBox%3D&#39;0%200%20768%20512&#39;%2F%3E\" data-src=\"https:\/\/marathonrun.gr\/wp-content\/uploads\/2025\/01\/Spyros-Louis-768x512.jpg\" data-srcset=\"https:\/\/marathonrun.gr\/wp-content\/uploads\/2025\/01\/Spyros-Louis-768x512.jpg 768w, https:\/\/marathonrun.gr\/wp-content\/uploads\/2025\/01\/Spyros-Louis-1134x756.jpg 1134w\" loading=\"eager\" style=\"--ratio: 768 \/ 512\" sizes=\"(max-width: 768px) 100vw, 768px\" alt=\"\" title=\"Spyros Louis\" width=\"768\" height=\"512\"  \/><span class=\"gallery-zoom-ico icomoon-the7-font-the7-expand-06\"><span><\/span><\/span><\/a>\n\t<\/div>\n<\/div>\n\n\n<div class=\"post-entry-content\">\n\n\t<h3 class=\"entry-title\">\n\t\t<a href=\"https:\/\/marathonrun.gr\/fr\/collection-de-spyros-louis-premier-champion-olympique-grec\/\" title=\"Collection de Spyros Louis \u2013 Premier Champion olympique grec\" rel=\"bookmark\">Collection de Spyros Louis \u2013 Premier Champion olympique grec<\/a>\n\t<\/h3>\n\n\t\n\t<div class=\"entry-excerpt\"><p>U\u2018\u2018ne des pi\u00e8ces les plus importantes du mus\u00e9e est la m\u00e9daille du vainqueur du premier Marathon olympique d\u2019Ath\u00e8nes en 1896, Spyros Louis. Le dipl\u00f4me de sa participation \u00e0 la course fut le chapeau \u201cfesaki\u201d de l\u2019uniforme traditionnelle grecque qu\u2019il portait toujours. Il y a encore une copie de la coupe qui lui a \u00e9t\u00e9 d\u00e9cern\u00e9e&hellip;<\/p>\n<\/div>\n\t\n<a href=\"https:\/\/marathonrun.gr\/fr\/collection-de-spyros-louis-premier-champion-olympique-grec\/\" class=\"post-details details-type-link\" aria-label=\"En savoir plus sur Collection de Spyros Louis \u2013 Premier Champion olympique grec\">\u0394\u03b5\u03af\u03c4\u03b5 \u03c0\u03b5\u03c1\u03b9\u03c3\u03c3\u03cc\u03c4\u03b5\u03c1\u03b1<i class=\"dt-icon-the7-arrow-03\" aria-hidden=\"true\"><\/i><\/a>\n\n<\/div><\/article><article class=\"post project-even visible post-1216 type-post status-publish format-standard has-post-thumbnail hentry category-collections-fr category-20 description-off\" data-name=\"L\u2019h\u00e9ritage historique athl\u00e9tique et personnel du champion olympique grec Harilaos Vasilakos\" data-date=\"2025-01-16T16:14:47+00:00\">\n\n<div class=\"post-thumbnail-wrap\">\n\t<div class=\"post-thumbnail\">\n\n\t\t\n\t\t\n\t\t<a href=\"https:\/\/marathonrun.gr\/fr\/lheritage-historique-athletique-et-personnel-du-champion-olympique-grec-harilaos-vasilakos\/\" class=\"post-thumbnail-rollover layzr-bg layzr-bg\" ><img decoding=\"async\" class=\"blog-thumb-lazy-load preload-me lazy-load aspect\" src=\"data:image\/svg+xml,%3Csvg%20xmlns%3D&#39;http%3A%2F%2Fwww.w3.org%2F2000%2Fsvg&#39;%20viewBox%3D&#39;0%200%20411%20274&#39;%2F%3E\" data-src=\"https:\/\/marathonrun.gr\/wp-content\/uploads\/2025\/01\/vasilakos-411x274.jpg\" data-srcset=\"https:\/\/marathonrun.gr\/wp-content\/uploads\/2025\/01\/vasilakos-411x274.jpg 411w\" loading=\"eager\" style=\"--ratio: 411 \/ 274\" sizes=\"(max-width: 411px) 100vw, 411px\" alt=\"\" title=\"vasilakos\" width=\"411\" height=\"274\"  \/><span class=\"gallery-zoom-ico icomoon-the7-font-the7-expand-06\"><span><\/span><\/span><\/a>\n\t<\/div>\n<\/div>\n\n\n<div class=\"post-entry-content\">\n\n\t<h3 class=\"entry-title\">\n\t\t<a href=\"https:\/\/marathonrun.gr\/fr\/lheritage-historique-athletique-et-personnel-du-champion-olympique-grec-harilaos-vasilakos\/\" title=\"L\u2019h\u00e9ritage historique athl\u00e9tique et personnel du champion olympique grec Harilaos Vasilakos\" rel=\"bookmark\">L\u2019h\u00e9ritage historique athl\u00e9tique et personnel du champion olympique grec Harilaos Vasilakos<\/a>\n\t<\/h3>\n\n\t\n\t<div class=\"entry-excerpt\"><p>Les reliques sportives et personnelles du deuxi\u00e8me champion olympique de l&rsquo;histoire du marathon d&rsquo;Ath\u00e8nes en 1896 ornent le mus\u00e9e de la route du marathon. Les objets expos\u00e9s ont \u00e9t\u00e9 offerts par la famille du glorieux marathonien.<\/p>\n<\/div>\n\t\n<a href=\"https:\/\/marathonrun.gr\/fr\/lheritage-historique-athletique-et-personnel-du-champion-olympique-grec-harilaos-vasilakos\/\" class=\"post-details details-type-link\" aria-label=\"En savoir plus sur L\u2019h\u00e9ritage historique athl\u00e9tique et personnel du champion olympique grec Harilaos Vasilakos\">\u0394\u03b5\u03af\u03c4\u03b5 \u03c0\u03b5\u03c1\u03b9\u03c3\u03c3\u03cc\u03c4\u03b5\u03c1\u03b1<i class=\"dt-icon-the7-arrow-03\" aria-hidden=\"true\"><\/i><\/a>\n\n<\/div><\/article><article class=\"post project-odd visible post-1218 type-post status-publish format-standard has-post-thumbnail hentry category-collections-fr category-20 description-off\" data-name=\"Collection du marathonien Stelios Kyriakidis\" data-date=\"2025-01-17T14:41:29+00:00\">\n\n<div class=\"post-thumbnail-wrap\">\n\t<div class=\"post-thumbnail\">\n\n\t\t\n\t\t\n\t\t<a href=\"https:\/\/marathonrun.gr\/fr\/collection-du-marathonien-stelios-kyriakidis\/\" class=\"post-thumbnail-rollover layzr-bg layzr-bg\" ><img decoding=\"async\" class=\"blog-thumb-lazy-load preload-me lazy-load aspect\" src=\"data:image\/svg+xml,%3Csvg%20xmlns%3D&#39;http%3A%2F%2Fwww.w3.org%2F2000%2Fsvg&#39;%20viewBox%3D&#39;0%200%20768%20512&#39;%2F%3E\" data-src=\"https:\/\/marathonrun.gr\/wp-content\/uploads\/2025\/01\/stelios-Kyriakides-crop-768x512.jpg\" data-srcset=\"https:\/\/marathonrun.gr\/wp-content\/uploads\/2025\/01\/stelios-Kyriakides-crop-768x512.jpg 768w, https:\/\/marathonrun.gr\/wp-content\/uploads\/2025\/01\/stelios-Kyriakides-crop-1241x826.jpg 1241w\" loading=\"eager\" style=\"--ratio: 768 \/ 512\" sizes=\"(max-width: 768px) 100vw, 768px\" alt=\"\" title=\"stelios-Kyriakides-crop\" width=\"768\" height=\"512\"  \/><span class=\"gallery-zoom-ico icomoon-the7-font-the7-expand-06\"><span><\/span><\/span><\/a>\n\t<\/div>\n<\/div>\n\n\n<div class=\"post-entry-content\">\n\n\t<h3 class=\"entry-title\">\n\t\t<a href=\"https:\/\/marathonrun.gr\/fr\/collection-du-marathonien-stelios-kyriakidis\/\" title=\"Collection du marathonien Stelios Kyriakidis\" rel=\"bookmark\">Collection du marathonien Stelios Kyriakidis<\/a>\n\t<\/h3>\n\n\t\n\t<div class=\"entry-excerpt\"><p>La m\u00e9daille de Stelios Kyriakidis, vainqueur de Boston en 1946, orne le mus\u00e9e de la route du marathon. Une collection unique de l&rsquo;activit\u00e9 sportive et sociale du glorieux marathonien Stelios Kyriakidis, compos\u00e9e de m\u00e9dailles, troph\u00e9es, dipl\u00f4mes, coupes, etc. Les objets expos\u00e9s sont offerts par son fils Dimitris Kyriakidis.<\/p>\n<\/div>\n\t\n<a href=\"https:\/\/marathonrun.gr\/fr\/collection-du-marathonien-stelios-kyriakidis\/\" class=\"post-details details-type-link\" aria-label=\"En savoir plus sur Collection du marathonien Stelios Kyriakidis\">\u0394\u03b5\u03af\u03c4\u03b5 \u03c0\u03b5\u03c1\u03b9\u03c3\u03c3\u03cc\u03c4\u03b5\u03c1\u03b1<i class=\"dt-icon-the7-arrow-03\" aria-hidden=\"true\"><\/i><\/a>\n\n<\/div><\/article><article class=\"post project-even visible post-1220 type-post status-publish format-standard has-post-thumbnail hentry category-collections-fr category-20 description-off\" data-name=\"Collection du champion des Balkans et pacifiste Grigoris Lambrakis\" data-date=\"2025-01-18T08:17:19+00:00\">\n\n<div class=\"post-thumbnail-wrap\">\n\t<div class=\"post-thumbnail\">\n\n\t\t\n\t\t\n\t\t<a href=\"https:\/\/marathonrun.gr\/fr\/collection-du-champion-des-balkans-et-pacifiste-grigoris-lambrakis\/\" class=\"post-thumbnail-rollover layzr-bg layzr-bg\" ><img decoding=\"async\" class=\"blog-thumb-lazy-load preload-me lazy-load aspect\" src=\"data:image\/svg+xml,%3Csvg%20xmlns%3D&#39;http%3A%2F%2Fwww.w3.org%2F2000%2Fsvg&#39;%20viewBox%3D&#39;0%200%20244%20163&#39;%2F%3E\" data-src=\"https:\/\/marathonrun.gr\/wp-content\/uploads\/2025\/01\/grigoris-labrakis-244x163.jpg\" data-srcset=\"https:\/\/marathonrun.gr\/wp-content\/uploads\/2025\/01\/grigoris-labrakis-244x163.jpg 244w\" loading=\"eager\" style=\"--ratio: 244 \/ 163\" sizes=\"(max-width: 244px) 100vw, 244px\" alt=\"\" title=\"grigoris labrakis\" width=\"244\" height=\"163\"  \/><span class=\"gallery-zoom-ico icomoon-the7-font-the7-expand-06\"><span><\/span><\/span><\/a>\n\t<\/div>\n<\/div>\n\n\n<div class=\"post-entry-content\">\n\n\t<h3 class=\"entry-title\">\n\t\t<a href=\"https:\/\/marathonrun.gr\/fr\/collection-du-champion-des-balkans-et-pacifiste-grigoris-lambrakis\/\" title=\"Collection du champion des Balkans et pacifiste Grigoris Lambrakis\" rel=\"bookmark\">Collection du champion des Balkans et pacifiste Grigoris Lambrakis<\/a>\n\t<\/h3>\n\n\t\n\t<div class=\"entry-excerpt\"><p>Le mus\u00e9e de la route du marathon expose les vestiges de la vie et de l&rsquo;activit\u00e9 du d\u00e9put\u00e9, champion des Balkans et pacifiste Grigoris Lambrakis, dont le plus important est le drapeau avec l&#8217;embl\u00e8me de la paix de la marche de 1963. Les objets expos\u00e9s ont \u00e9t\u00e9 offerts par la famille.<\/p>\n<\/div>\n\t\n<a href=\"https:\/\/marathonrun.gr\/fr\/collection-du-champion-des-balkans-et-pacifiste-grigoris-lambrakis\/\" class=\"post-details details-type-link\" aria-label=\"En savoir plus sur Collection du champion des Balkans et pacifiste Grigoris Lambrakis\">\u0394\u03b5\u03af\u03c4\u03b5 \u03c0\u03b5\u03c1\u03b9\u03c3\u03c3\u03cc\u03c4\u03b5\u03c1\u03b1<i class=\"dt-icon-the7-arrow-03\" aria-hidden=\"true\"><\/i><\/a>\n\n<\/div><\/article><\/div>[\/vc_column][\/vc_row]<\/p>\n<\/div>","protected":false},"excerpt":{"rendered":"<p>[vc_row][vc_column][\/vc_column][\/vc_row]<\/p>\n","protected":false},"author":1,"featured_media":1356,"parent":0,"menu_order":23,"comment_status":"closed","ping_status":"closed","template":"","meta":{"footnotes":""},"class_list":["post-1038","page","type-page","status-publish","has-post-thumbnail","hentry","description-off"],"aioseo_notices":[],"_links":{"self":[{"href":"https:\/\/marathonrun.gr\/fr\/wp-json\/wp\/v2\/pages\/1038"}],"collection":[{"href":"https:\/\/marathonrun.gr\/fr\/wp-json\/wp\/v2\/pages"}],"about":[{"href":"https:\/\/marathonrun.gr\/fr\/wp-json\/wp\/v2\/types\/page"}],"author":[{"embeddable":true,"href":"https:\/\/marathonrun.gr\/fr\/wp-json\/wp\/v2\/users\/1"}],"replies":[{"embeddable":true,"href":"https:\/\/marathonrun.gr\/fr\/wp-json\/wp\/v2\/comments?post=1038"}],"version-history":[{"count":1,"href":"https:\/\/marathonrun.gr\/fr\/wp-json\/wp\/v2\/pages\/1038\/revisions"}],"predecessor-version":[{"id":1039,"href":"https:\/\/marathonrun.gr\/fr\/wp-json\/wp\/v2\/pages\/1038\/revisions\/1039"}],"wp:featuredmedia":[{"embeddable":true,"href":"https:\/\/marathonrun.gr\/fr\/wp-json\/wp\/v2\/media\/1356"}],"wp:attachment":[{"href":"https:\/\/marathonrun.gr\/fr\/wp-json\/wp\/v2\/media?parent=1038"}],"curies":[{"name":"wp","href":"https:\/\/api.w.org\/{rel}","templated":true}]}}