{"id":1321,"date":"2025-02-06T10:42:59","date_gmt":"2025-02-06T10:42:59","guid":{"rendered":"https:\/\/marathonrun.gr\/v2web\/route-du-marathon\/"},"modified":"2025-02-06T13:09:56","modified_gmt":"2025-02-06T13:09:56","slug":"route-du-marathon","status":"publish","type":"page","link":"https:\/\/marathonrun.gr\/fr\/route-du-marathon\/","title":{"rendered":"Marathon"},"content":{"rendered":"<div class=\"wpb-content-wrapper\"><p>[vc_row][vc_column][vc_row_inner][vc_column_inner width=\u00a0\u00bb1\/3&Prime;][vc_single_image image=\u00a0\u00bb1249&Prime; img_size=\u00a0\u00bbfull\u00a0\u00bb css=\u00a0\u00bb\u00a0\u00bb][\/vc_column_inner][vc_column_inner width=\u00a0\u00bb2\/3&Prime;][vc_column_text css=\u00a0\u00bb\u00a0\u00bb]Le marathon est un \u00e9v\u00e9nement de course longue distance avec une distance officielle de 42.195 kilom\u00e8tres (26 milles et 385 verges), ce qui est g\u00e9n\u00e9ralement utilis\u00e9 comme une course sur route. L\u2019\u00e9v\u00e9nement a \u00e9t\u00e9 organis\u00e9 en comm\u00e9moration de la s\u00e9rie l\u00e9gendaire du soldat grec Pheidippides, un messager de la bataille de Marathon \u00e0 Ath\u00e8nes.<\/p>\n<p>Le marathon a \u00e9t\u00e9 l\u2019un des \u00e9v\u00e9nements olympiques modernes originaux en 1896, bien que la distance ne soit pas standardis\u00e9e jusqu\u2019en 1921. Plus de 1500 marathoniens se d\u00e9roulent \u00e0 travers le monde chaque ann\u00e9e, la grande majorit\u00e9 des concurrents \u00e9tant des athl\u00e8tes r\u00e9cr\u00e9atifs. Les marathons plus petits, comme le Stanley Marathon, peuvent avoir des dizaines de participants, tandis que les marathons plus importants peuvent avoir des dizaines de milliers de participants.[\/vc_column_text][\/vc_column_inner][\/vc_row_inner][vc_single_image image=\u00a0\u00bb1244&Prime; img_size=\u00a0\u00bbfull\u00a0\u00bb css=\u00a0\u00bb\u00a0\u00bb image_hovers=\u00a0\u00bbfalse\u00a0\u00bb][vc_row_inner][vc_column_inner width=\u00a0\u00bb2\/3&Prime;][vc_column_text css=\u00a0\u00bb\u00a0\u00bb]Le nom Marathon vient de la l\u00e9gende de Pheidippides, un messager grec. La l\u00e9gende d\u00e9clare qu\u2019il a \u00e9t\u00e9 envoy\u00e9 du champ de bataille de Marathon \u00e0 Ath\u00e8nes pour annoncer que les Perses avaient \u00e9t\u00e9 vaincus dans la bataille de Marathon (dans laquelle il venait de combattre), qui a eu lieu en ao\u00fbt ou en septembre 490 avant JC. Il a dit qu\u2019il a parcouru toute la distance sans s\u2019arr\u00eater et \u00e9clater dans l\u2019assemblage, en exclamant \u201c\u03bd\u03b5\u03bd\u03b9\u03ba\u03b7\u03ba\u03b1\u03bc\u03b5\u03bd \u2018(nenikekamen)\u201d (\u201cWe w \u03bf n\u201d) avant de s\u2019effondrer et de mourir. Le r\u00e9cit de la course de Marathon \u00e0 Ath\u00e8nes appara\u00eet d\u2019abord dans Plutarque sur la gloire d\u2019Ath\u00e8nes au 1er si\u00e8cle apr\u00e8s JC qui cite le travail perdu de Heraclides Ponticus, en donnant le nom du coureur soit Thersipus d\u2019Erchius soit Eucles. Lucian de Samosata (2\u00e8me si\u00e8cle apr\u00e8s JC) donne aussi l\u2019histoire mais nomme le coureur Philippides (pas Pheidippides).<\/p>\n<p>Il y a un d\u00e9bat sur la pr\u00e9cision historique de cette l\u00e9gende. L\u2019historien grec H\u00e9rodote, source principale des guerres gr\u00e9co-perses, mentionne Pheidippides comme messager qui a couru d\u2019Ath\u00e8nes \u00e0 Sparte pour demander de l\u2019aide, puis a couru, \u00e0 une distance de plus de 240 kilom\u00e8tres (150 mi) par trajet. Dans certains manuscrits d\u2019H\u00e9rodote, le nom du coureur entre Ath\u00e8nes et Sparte est donn\u00e9 comme Philippides. H\u00e9rodote ne fait aucune mention d\u2019un messager envoy\u00e9 de Marathon \u00e0 Ath\u00e8nes et raconte que la partie principale de l\u2019arm\u00e9e ath\u00e9nienne, ayant combattu et gagn\u00e9 la bataille acharn\u00e9e, et craignant un raid naval de la flotte perse contre une Ath\u00e8nes sans d\u00e9fense, a rapidement recul\u00e9 La bataille d\u2019Ath\u00e8nes arrivant le m\u00eame jour.<\/p>\n<p>En 1879, Robert Browning a \u00e9crit le po\u00e8me Pheidippides. Le po\u00e8me de Browning, son histoire composite, est devenu une partie de la culture populaire de la fin du 19\u00e8me si\u00e8cle et a \u00e9t\u00e9 accept\u00e9e comme une l\u00e9gende historique.<\/p>\n<p>Le mont Penteli se tient entre Marathon et Ath\u00e8nes, ce qui signifie que, si Pheidippide a effectivement fait sa course c\u00e9l\u00e8bre apr\u00e8s la bataille, il a d\u00fb courir dans la montagne, soit au nord, soit au sud. La derni\u00e8re et la route la plus \u00e9vidente correspond presque exactement \u00e0 l\u2019autoroute moderne Marathon-Ath\u00e8nes, qui suit le mensonge du pays au sud de la baie de Marathon et le long de la c\u00f4te, puis prend une douce mais prolong\u00e9e escalade vers l\u2019ouest vers l\u2019approche orientale vers Ath\u00e8nes, entre les contreforts Des montants Hymettus et Penteli, puis doucement en descente \u00e0 Ath\u00e8nes proprement dite. Cette route, telle qu\u2019elle existait lorsque les Jeux olympiques ont \u00e9t\u00e9 relanc\u00e9s en 1896, \u00e9tait d\u2019environ 40 kilom\u00e8tres (25 mi) de long, et c\u2019\u00e9tait la distance approximative utilis\u00e9e \u00e0 l\u2019origine pour les courses de marathon. Cependant, il a \u00e9t\u00e9 sugg\u00e9r\u00e9 que les Pheidippides auraient suivi une autre route: une mont\u00e9e vers l\u2019ouest le long des pentes orientale et nord du mont Penteli jusqu\u2019au col de Dionysos, puis une descente vers le sud vers Ath\u00e8nes. Cette route est consid\u00e9rablement plus courte, environ 35 kilom\u00e8tres (22 mi), mais comprend une mont\u00e9e initiale tr\u00e8s raide de plus de 5 kilom\u00e8tres (3,1 mi).[\/vc_column_text][\/vc_column_inner][vc_column_inner width=\u00a0\u00bb1\/3&Prime;][vc_single_image image=\u00a0\u00bb1264&Prime; img_size=\u00a0\u00bbfull\u00a0\u00bb css=\u00a0\u00bb\u00a0\u00bb][\/vc_column_inner][\/vc_row_inner][vc_row_inner content_placement=\u00a0\u00bbtop\u00a0\u00bb][vc_column_inner width=\u00a0\u00bb1\/4&Prime;][vc_single_image image=\u00a0\u00bb1257&Prime; img_size=\u00a0\u00bbfull\u00a0\u00bb css=\u00a0\u00bb\u00a0\u00bb][\/vc_column_inner][vc_column_inner width=\u00a0\u00bb1\/2&Prime;][vc_column_text css=\u00a0\u00bb\u00a0\u00bb]Lorsque les Jeux olympiques modernes ont commenc\u00e9 en 1896, les initiateurs et les organisateurs cherchaient un grand \u00e9v\u00e9nement populaire, rappelant la gloire antique de la Gr\u00e8ce. L\u2019id\u00e9e d\u2019une course marathon venait de Michel Br\u00e9al, qui voulait que l\u2019\u00e9v\u00e9nement figure dans les premiers Jeux olympiques modernes de 1896 \u00e0 Ath\u00e8nes. Cette id\u00e9e a \u00e9t\u00e9 fortement soutenue par Pierre de Coubertin, le fondateur des Jeux olympiques modernes, ainsi que par les Grecs. Les Grecs ont organis\u00e9 une course de s\u00e9lection pour le marathon olympique le 10 mars 1896 qui a \u00e9t\u00e9 remport\u00e9 par Charilaos Vasilakos en 3 heures et 18 minutes (avec le futur vainqueur du marathon des Jeux Olympiques en cinqui\u00e8me). Le vainqueur du premier Marathon olympique, le 10 avril 1896 (une race masculine seulement), \u00e9tait Spyridon \u201cSpyros\u201d Louis, un h\u00e9licopt\u00e8re grec, en 2 heures 58 minutes et 50 secondes.<\/p>\n<p>Le marathon f\u00e9minin a \u00e9t\u00e9 pr\u00e9sent\u00e9 aux Jeux olympiques d\u2019\u00e9t\u00e9 de 1984 (Los Angeles, \u00c9tats-Unis) et a \u00e9t\u00e9 remport\u00e9 par Joan Benoit des \u00c9tats-Unis avec un temps de 2 heures 24 minutes et 52 secondes.<\/p>\n<p>Depuis que les jeux modernes ont \u00e9t\u00e9 fond\u00e9s, il est devenu une tradition pour le marathon olympique masculin d\u2019\u00eatre le dernier \u00e9v\u00e9nement du calendrier d\u2019athl\u00e9tisme, avec une finition dans le stade olympique, souvent en quelques heures ou m\u00eame incorpor\u00e9 dans les c\u00e9r\u00e9monies de cl\u00f4ture. Le marathon des Jeux olympiques d\u2019\u00e9t\u00e9 de 2004 a relanc\u00e9 la route traditionnelle de Marathon \u00e0 Ath\u00e8nes, se terminant au stade Panathinaiko, lieu des Jeux olympiques d\u2019\u00e9t\u00e9 de 1896.<\/p>\n<p>Le record des hommes olympiques est de 2:06:32, fix\u00e9 aux Jeux olympiques d\u2019\u00e9t\u00e9 de 2008 par Samuel Kamau Wanjiru du Kenya. Le record des femmes olympiques est 2:23:07, fix\u00e9 aux Jeux olympiques d\u2019\u00e9t\u00e9 de 2012 par Tiki Gelana en Ethiopie. Le gagnant du marathon olympique d\u2019\u00e9t\u00e9 de Londres 2012 \u00e9tait Stephen Kiprotich d\u2019Ouganda (2:08:01).<\/p>\n<p><strong>Marathons<\/strong><\/p>\n<p>Chaque ann\u00e9e, plus de 1500 marathons sont organis\u00e9s dans le monde entier [Certains d\u2019entre eux appartiennent \u00e0 l\u2019Association des Marathons Internationaux et des Courses Distance (AIMS) qui a grandi depuis sa fondation en 1982 pour accueillir plus de 300 \u00e9v\u00e9nements membres dans 83 pays et territoires. Cinq des plus grandes et prestigieuses courses, Berlin, Boston, Chicago, Londres et New York City, forment la s\u00e9rie biennale World Marathon Majors, qui octroie 500 000 $ par ann\u00e9e aux meilleurs joueurs masculins et f\u00e9minins de la s\u00e9rie.<\/p>\n<p>En 2006, les \u00e9diteurs de Runner\u2019s World ont s\u00e9lectionn\u00e9 un \u00abWorld\u2019s Top 10 Marathons\u00bb, dans lequel les marathons d\u2019Amsterdam, Honolulu, Paris, Rotterdam et Stockholm ont \u00e9t\u00e9 pr\u00e9sent\u00e9s avec les cinq mentionn\u00e9s ci-dessus. D\u2019autres marathons importants incluent le Marathon des Corps des Marines des \u00c9tats-Unis, Los Angeles et Rome. Le Marathon de Boston est le marathon annuel le plus ancien du monde, inspir\u00e9 du succ\u00e8s du marathon olympique de 1896 et qui a eu lieu depuis 1897. Le marathon annuel le plus ancien en Europe est le Marathon de la paix de Ko\u0161ice, tenu depuis 1924 \u00e0 Ko\u0161ice, en Slovaquie. Le marathon polytechnique historique a \u00e9t\u00e9 interrompu en 1996.<\/p>\n<p>Le marathon du soleil de minuit se tient \u00e0 Troms Norway \u00e0 70 degr\u00e9s nord. En utilisant des cours non officiels et temporaires, mesur\u00e9s par le GPS, les courses de distance du marathon sont maintenant tenues au p\u00f4le Nord, en Antarctique et sur le terrain d\u00e9sertique. D\u2019autres marathons inhabituels incluent le Marathon de la Grande Muraille sur la Grande Muraille de Chine, le Grand Cinq Marathon parmi la faune safari d\u2019Afrique du Sud, le Grand Marathon tib\u00e9tain \u2013 un marathon dans une atmosph\u00e8re de bouddhisme tib\u00e9tain \u00e0 une altitude de 3.500 m\u00e8tres (11 500 pieds) , Et le Marathon du Polar Circle sur la calotte glaciaire permanente du Groenland.<\/p>\n<p>L\u2019Intercontinental Istanbul Eurasia Marathon est le seul marathon o\u00f9 les participants ont parcouru deux continents (Europe et Asie) au cours d\u2019un m\u00eame \u00e9v\u00e9nement. Dans le Detroit Free Press Marathon, les participants traversent deux fois la fronti\u00e8re am\u00e9ricaine \/ canadienne. Le Marathon International de Niagara Falls comprend un passage frontalier international, via le Peace Bridge de Buffalo, New York, \u00c9tats-Unis \u00e0 Fort Erie, en Ontario, au Canada.<br \/>\nLa plupart des participants ne font pas de marathon pour gagner. Plus important pour la plupart des coureurs, c\u2019est leur temps de finition personnel et leur placement dans leur groupe d\u2019\u00e2ge et de genre, m\u00eame si certains coureurs veulent juste finir. Les strat\u00e9gies pour compl\u00e9ter un marathon incluent l\u2019ex\u00e9cution de toute la distance et une strat\u00e9gie de marche. En 2005, le temps moyen de marathon aux \u00c9tats-Unis \u00e9tait de 4 heures 32 minutes 8 secondes pour les hommes, 5 heures 6 minutes 8 secondes pour les femmes.<\/p>\n<p>Un objectif auquel plusieurs coureurs visent est de casser certains obstacles temporels. Par exemple, les d\u00e9butants r\u00e9cr\u00e9atifs tentent souvent d\u2019ex\u00e9cuter le marathon sous quatre heures; Les coureurs plus comp\u00e9titifs peuvent tenter de finir moins de trois heures. D\u2019autres points de rep\u00e8re sont les temps de qualification pour les marathons majeurs. Le marathon de Boston, le marathon le plus ancien aux \u00c9tats-Unis, exige un temps de qualification pour tous les coureurs non professionnels. Le Marathon de New York City exige \u00e9galement un temps de qualification pour une entr\u00e9e garantie, \u00e0 un rythme l\u00e9g\u00e8rement plus rapide que celui de Boston.<\/p>\n<p>En r\u00e8gle g\u00e9n\u00e9rale, il y a un temps maximum autoris\u00e9 d\u2019environ six heures apr\u00e8s quoi la route du marathon est ferm\u00e9e, bien que certains marathons plus importants gardent le parcours consid\u00e9rablement plus long (huit heures ou plus). Beaucoup de marathons dans le monde ont des limites de temps pour lesquelles tous les coureurs doivent avoir franchi la ligne d\u2019arriv\u00e9e. Toute personne plus lente que la limite sera ramass\u00e9e par un bus balayeuse. Dans de nombreux cas, les organisateurs du marathon doivent rouvrir les routes vers le public afin que le trafic puisse revenir \u00e0 la normale.<\/p>\n<p>Avec la croissance de la popularit\u00e9 du marathonage, de nombreux marathons \u00e0 travers les \u00c9tats-Unis et le monde ont rempli leurs capacit\u00e9s plus rapidement que jamais. Lorsque le marathon de Boston a ouvert son inscription pour la course de 2011, la capacit\u00e9 de terrain a \u00e9t\u00e9 remplie dans les huit heures.[\/vc_column_text][\/vc_column_inner][vc_column_inner width=\u00a0\u00bb1\/4&Prime;][vc_single_image image=\u00a0\u00bb1268&Prime; img_size=\u00a0\u00bbfull\u00a0\u00bb alignment=\u00a0\u00bbright\u00a0\u00bb css=\u00a0\u00bb\u00a0\u00bb image_hovers=\u00a0\u00bbfalse\u00a0\u00bb][\/vc_column_inner][\/vc_row_inner][vc_single_image image=\u00a0\u00bb1260&Prime; img_size=\u00a0\u00bbfull\u00a0\u00bb css=\u00a0\u00bb\u00a0\u00bb image_hovers=\u00a0\u00bbfalse\u00a0\u00bb][\/vc_column][\/vc_row]<\/p>\n<\/div>","protected":false},"excerpt":{"rendered":"<p>[vc_row][vc_column][vc_row_inner][vc_column_inner width=\u00a0\u00bb1\/3&Prime;][vc_single_image image=\u00a0\u00bb1249&Prime; img_size=\u00a0\u00bbfull\u00a0\u00bb css=\u00a0\u00bb\u00a0\u00bb][\/vc_column_inner][vc_column_inner width=\u00a0\u00bb2\/3&Prime;][vc_column_text css=\u00a0\u00bb\u00a0\u00bb]Le marathon est un \u00e9v\u00e9nement de course longue distance avec une distance officielle de 42.195 kilom\u00e8tres (26 milles et 385 verges), ce qui est g\u00e9n\u00e9ralement utilis\u00e9 comme une course sur route. L\u2019\u00e9v\u00e9nement a \u00e9t\u00e9 organis\u00e9 en comm\u00e9moration de la s\u00e9rie l\u00e9gendaire du soldat grec Pheidippides, un messager de la&hellip;<\/p>\n","protected":false},"author":1,"featured_media":1356,"parent":0,"menu_order":6,"comment_status":"closed","ping_status":"closed","template":"","meta":{"footnotes":""},"class_list":["post-1321","page","type-page","status-publish","has-post-thumbnail","hentry","description-off"],"aioseo_notices":[],"_links":{"self":[{"href":"https:\/\/marathonrun.gr\/fr\/wp-json\/wp\/v2\/pages\/1321"}],"collection":[{"href":"https:\/\/marathonrun.gr\/fr\/wp-json\/wp\/v2\/pages"}],"about":[{"href":"https:\/\/marathonrun.gr\/fr\/wp-json\/wp\/v2\/types\/page"}],"author":[{"embeddable":true,"href":"https:\/\/marathonrun.gr\/fr\/wp-json\/wp\/v2\/users\/1"}],"replies":[{"embeddable":true,"href":"https:\/\/marathonrun.gr\/fr\/wp-json\/wp\/v2\/comments?post=1321"}],"version-history":[{"count":13,"href":"https:\/\/marathonrun.gr\/fr\/wp-json\/wp\/v2\/pages\/1321\/revisions"}],"predecessor-version":[{"id":1350,"href":"https:\/\/marathonrun.gr\/fr\/wp-json\/wp\/v2\/pages\/1321\/revisions\/1350"}],"wp:featuredmedia":[{"embeddable":true,"href":"https:\/\/marathonrun.gr\/fr\/wp-json\/wp\/v2\/media\/1356"}],"wp:attachment":[{"href":"https:\/\/marathonrun.gr\/fr\/wp-json\/wp\/v2\/media?parent=1321"}],"curies":[{"name":"wp","href":"https:\/\/api.w.org\/{rel}","templated":true}]}}